{"id":96,"date":"2018-02-23T23:53:39","date_gmt":"2018-02-23T21:53:39","guid":{"rendered":"http:\/\/www.afapdg.cat\/?page_id=96"},"modified":"2026-03-06T12:13:47","modified_gmt":"2026-03-06T10:13:47","slug":"fitxa-dinscripcio","status":"publish","type":"page","link":"http:\/\/www.afateresapamies.cat\/wordpress\/fitxa-dinscripcio\/","title":{"rendered":"INSCRIPCI\u00d3"},"content":{"rendered":"<p><strong>El full d\u2019inscripci\u00f3 a l\u2019AFA cal que l\u2019ompliu totes les fam\u00edlies que vulgueu ser-ne membres<\/strong> (les que ja ho sou tamb\u00e9, si us plau).<\/p>\n<p>Descarrega&#8217;t el full d&#8217;inscripci\u00f3 a l&#8217;AFA (Editable) -&gt; <a href=\"http:\/\/www.afateresapamies.cat\/wordpress\/wp-content\/uploads\/2023\/11\/02_Full-inscripcio-a-lAFA.pdf\">Full inscripci\u00f3 a l&#8217;AFA<\/a><\/p>\n<p>Aquest full l&#8217;ompliu aquelles fam\u00edlies que voleu ser membres de l\u2019Associaci\u00f3 de Fam\u00edlies d\u2019Alumnes. Si us plau, ompliu-lo amb lletra clara, tamb\u00e9 l\u2019adre\u00e7a de correu electr\u00f2nic per tal que no hi hagi errades de transcripci\u00f3.<br \/>Amb aquest full autoritzeu l\u2019\u00fas de les vostres dades per part d\u2019aquesta AFA: la informaci\u00f3 que volunt\u00e0riament ens faciliteu ser\u00e0 recollida en un fitxer del qual \u00e9s responsable l\u2019AFA acollint-nos al que s\u2019estableix en el nou Reglament General de Protecci\u00f3 de Dades de la Uni\u00f3 Europea (Reglament (UE) 2016\/79 del Parlament Europeu i del Consell 27 d\u2019abril de 2016, relatiu a la protecci\u00f3 de les persones f\u00edsiques.<br \/>Aquesta informaci\u00f3 \u00e9s necess\u00e0ria per portar un bon control dels pagaments.<\/p>\n<p><strong>PAGAMENT<\/strong><\/p>\n<p><span style=\"color: #0000ff;\"><strong>EN CAS DE NO HAVER-HO FET JA AMB IDDINK!<\/strong><\/span><br \/>La quota anual per fam\u00edlia pel curs 2025-2026 \u00e9s de 45 \u20ac. Cal fer la transfer\u00e8ncia a Caixa Enginyers amb <strong>IBAN ES78 3025 0018 9714 0008 0536<\/strong>\u00a0fent constar <strong>QUOTA AFA<\/strong> i els <strong>DOS COGNOMS de la fam\u00edlia<\/strong> (els cognoms de l\u2019alumne).<br \/>Un cop realitzat el pagament, cal retornar a l\u2019AFA, aquest full d\u2019inscripci\u00f3 degudament omplert adjuntant el comprovant de la transfer\u00e8ncia o l\u2019ingr\u00e9s. Podeu:<\/p>\n<ul>\n<li>Enviar-ho escanejat a la nostra adre\u00e7a de correu electr\u00f2nic <a href=\"mailto:afa.teresapamies@gmail.com\">afa.teresapamies@gmail.com<\/a> Si us plau, eviteu enviar fotos doncs les dades no es veuen amb claredat i ens estalviarem moltes confusions.<\/li>\n<li>Presencialment dipositant el full i el comprovant de pagament a la b\u00fastia que trobareu a l\u2019institut (anant a la sala d\u2019actes, a m\u00e0 dreta).<\/li>\n<\/ul>\n\n\n<p><\/p>\n","protected":false},"excerpt":{"rendered":"<p>El full d\u2019inscripci\u00f3 a l\u2019AFA cal que l\u2019ompliu totes les fam\u00edlies que vulgueu ser-ne membres (les que ja ho sou tamb\u00e9, si us plau). Descarrega&#8217;t el full d&#8217;inscripci\u00f3 a l&#8217;AFA (Editable) -&gt; Full inscripci\u00f3 a l&#8217;AFA Aquest full l&#8217;ompliu aquelles fam\u00edlies que voleu ser membres de l\u2019Associaci\u00f3 de Fam\u00edlies d\u2019Alumnes. Si us plau, ompliu-lo amb [&hellip;]<\/p>\n","protected":false},"author":1,"featured_media":0,"parent":0,"menu_order":4,"comment_status":"closed","ping_status":"closed","template":"","meta":{"footnotes":""},"class_list":["post-96","page","type-page","status-publish","hentry"],"_links":{"self":[{"href":"http:\/\/www.afateresapamies.cat\/wordpress\/wp-json\/wp\/v2\/pages\/96","targetHints":{"allow":["GET"]}}],"collection":[{"href":"http:\/\/www.afateresapamies.cat\/wordpress\/wp-json\/wp\/v2\/pages"}],"about":[{"href":"http:\/\/www.afateresapamies.cat\/wordpress\/wp-json\/wp\/v2\/types\/page"}],"author":[{"embeddable":true,"href":"http:\/\/www.afateresapamies.cat\/wordpress\/wp-json\/wp\/v2\/users\/1"}],"replies":[{"embeddable":true,"href":"http:\/\/www.afateresapamies.cat\/wordpress\/wp-json\/wp\/v2\/comments?post=96"}],"version-history":[{"count":17,"href":"http:\/\/www.afateresapamies.cat\/wordpress\/wp-json\/wp\/v2\/pages\/96\/revisions"}],"predecessor-version":[{"id":1257,"href":"http:\/\/www.afateresapamies.cat\/wordpress\/wp-json\/wp\/v2\/pages\/96\/revisions\/1257"}],"wp:attachment":[{"href":"http:\/\/www.afateresapamies.cat\/wordpress\/wp-json\/wp\/v2\/media?parent=96"}],"curies":[{"name":"wp","href":"https:\/\/api.w.org\/{rel}","templated":true}]}}