{"id":814,"date":"2023-09-12T19:10:52","date_gmt":"2023-09-12T17:10:52","guid":{"rendered":"http:\/\/www.afateresapamies.cat\/wordpress\/?page_id=814"},"modified":"2025-10-17T11:20:42","modified_gmt":"2025-10-17T09:20:42","slug":"menjador","status":"publish","type":"page","link":"http:\/\/www.afateresapamies.cat\/wordpress\/activitats-extraescolars\/menjador\/","title":{"rendered":"Menjador"},"content":{"rendered":"\n<p><strong>MEN\u00da OCTUBRE<\/strong><\/p>\n\n\n\n<figure class=\"wp-block-image size-large\"><img loading=\"lazy\" decoding=\"async\" width=\"1024\" height=\"734\" src=\"http:\/\/www.afateresapamies.cat\/wordpress\/wp-content\/uploads\/2025\/10\/Octubre-1024x734.jpg\" alt=\"\" class=\"wp-image-1240\" srcset=\"http:\/\/www.afateresapamies.cat\/wordpress\/wp-content\/uploads\/2025\/10\/Octubre-1024x734.jpg 1024w, http:\/\/www.afateresapamies.cat\/wordpress\/wp-content\/uploads\/2025\/10\/Octubre-300x215.jpg 300w, http:\/\/www.afateresapamies.cat\/wordpress\/wp-content\/uploads\/2025\/10\/Octubre-768x550.jpg 768w, http:\/\/www.afateresapamies.cat\/wordpress\/wp-content\/uploads\/2025\/10\/Octubre-624x447.jpg 624w, http:\/\/www.afateresapamies.cat\/wordpress\/wp-content\/uploads\/2025\/10\/Octubre.jpg 1054w\" sizes=\"auto, (max-width: 1024px) 100vw, 1024px\" \/><\/figure>\n\n\n\n<p><strong>MEN\u00da SETEMBRE<\/strong><\/p>\n\n\n\n<figure class=\"wp-block-image size-large\"><img loading=\"lazy\" decoding=\"async\" width=\"1024\" height=\"634\" src=\"http:\/\/www.afateresapamies.cat\/wordpress\/wp-content\/uploads\/2025\/09\/menu-set-25-1024x634.jpg\" alt=\"\" class=\"wp-image-1202\" srcset=\"http:\/\/www.afateresapamies.cat\/wordpress\/wp-content\/uploads\/2025\/09\/menu-set-25-1024x634.jpg 1024w, http:\/\/www.afateresapamies.cat\/wordpress\/wp-content\/uploads\/2025\/09\/menu-set-25-300x186.jpg 300w, http:\/\/www.afateresapamies.cat\/wordpress\/wp-content\/uploads\/2025\/09\/menu-set-25-768x475.jpg 768w, http:\/\/www.afateresapamies.cat\/wordpress\/wp-content\/uploads\/2025\/09\/menu-set-25-624x386.jpg 624w, http:\/\/www.afateresapamies.cat\/wordpress\/wp-content\/uploads\/2025\/09\/menu-set-25.jpg 1259w\" sizes=\"auto, (max-width: 1024px) 100vw, 1024px\" \/><\/figure>\n\n\n\n<p><strong>NORMATIVA CURS 25-26<\/strong><\/p>\n\n\n\n<div data-wp-interactive=\"core\/file\" class=\"wp-block-file\"><object data-wp-bind--hidden=\"!state.hasPdfPreview\" hidden class=\"wp-block-file__embed\" data=\"http:\/\/www.afateresapamies.cat\/wordpress\/wp-content\/uploads\/2025\/09\/NORMATIVA-FUNCIONAMENT-MENJADOR-TERESA-PAMIES25_26.pdf\" type=\"application\/pdf\" style=\"width:100%;height:600px\" aria-label=\"Incrustaci\u00f3 del fitxer NORMATIVA FUNCIONAMENT MENJADOR TERESA P\u00c0MIES25_26.\"><\/object><a id=\"wp-block-file--media-f41a506b-d6e0-4ecf-8608-7e1c82aea661\" href=\"http:\/\/www.afateresapamies.cat\/wordpress\/wp-content\/uploads\/2025\/09\/NORMATIVA-FUNCIONAMENT-MENJADOR-TERESA-PAMIES25_26.pdf\">NORMATIVA FUNCIONAMENT MENJADOR TERESA P\u00c0MIES25_26<\/a><a href=\"http:\/\/www.afateresapamies.cat\/wordpress\/wp-content\/uploads\/2025\/09\/NORMATIVA-FUNCIONAMENT-MENJADOR-TERESA-PAMIES25_26.pdf\" class=\"wp-block-file__button wp-element-button\" download aria-describedby=\"wp-block-file--media-f41a506b-d6e0-4ecf-8608-7e1c82aea661\">Baixa<\/a><\/div>\n\n\n\n<p><strong>MEN\u00da DE JUNY<\/strong><\/p>\n\n\n\n<p>Aprofitem per recordar-vos que el darrer dia de servei de menjador \u00e9s el dijous 12 de juny. <\/p>\n\n\n\n<p>Ecomenja us desitja un molt bon estiu!<\/p>\n\n\n\n<figure class=\"wp-block-image size-large\"><img loading=\"lazy\" decoding=\"async\" width=\"1024\" height=\"727\" src=\"http:\/\/www.afateresapamies.cat\/wordpress\/wp-content\/uploads\/2025\/06\/JUNY-1024x727.jpg\" alt=\"\" class=\"wp-image-1166\" srcset=\"http:\/\/www.afateresapamies.cat\/wordpress\/wp-content\/uploads\/2025\/06\/JUNY-1024x727.jpg 1024w, http:\/\/www.afateresapamies.cat\/wordpress\/wp-content\/uploads\/2025\/06\/JUNY-300x213.jpg 300w, http:\/\/www.afateresapamies.cat\/wordpress\/wp-content\/uploads\/2025\/06\/JUNY-768x545.jpg 768w, http:\/\/www.afateresapamies.cat\/wordpress\/wp-content\/uploads\/2025\/06\/JUNY-624x443.jpg 624w, http:\/\/www.afateresapamies.cat\/wordpress\/wp-content\/uploads\/2025\/06\/JUNY.jpg 1052w\" sizes=\"auto, (max-width: 1024px) 100vw, 1024px\" \/><\/figure>\n\n\n\n<p><strong>MEN\u00da DE MAIG<\/strong><\/p>\n\n\n\n<figure class=\"wp-block-image size-large\"><img loading=\"lazy\" decoding=\"async\" width=\"1024\" height=\"720\" src=\"http:\/\/www.afateresapamies.cat\/wordpress\/wp-content\/uploads\/2025\/05\/Menu-maig-1024x720.jpg\" alt=\"\" class=\"wp-image-1154\" srcset=\"http:\/\/www.afateresapamies.cat\/wordpress\/wp-content\/uploads\/2025\/05\/Menu-maig-1024x720.jpg 1024w, http:\/\/www.afateresapamies.cat\/wordpress\/wp-content\/uploads\/2025\/05\/Menu-maig-300x211.jpg 300w, http:\/\/www.afateresapamies.cat\/wordpress\/wp-content\/uploads\/2025\/05\/Menu-maig-768x540.jpg 768w, http:\/\/www.afateresapamies.cat\/wordpress\/wp-content\/uploads\/2025\/05\/Menu-maig-624x439.jpg 624w, http:\/\/www.afateresapamies.cat\/wordpress\/wp-content\/uploads\/2025\/05\/Menu-maig.jpg 1117w\" sizes=\"auto, (max-width: 1024px) 100vw, 1024px\" \/><\/figure>\n\n\n\n<p><strong>MEN\u00da D&#8217;ABRIL<\/strong><\/p>\n\n\n\n<figure class=\"wp-block-image size-large\"><img loading=\"lazy\" decoding=\"async\" width=\"1024\" height=\"755\" src=\"http:\/\/www.afateresapamies.cat\/wordpress\/wp-content\/uploads\/2025\/04\/Menu-Abril-1024x755.jpg\" alt=\"\" class=\"wp-image-1140\" srcset=\"http:\/\/www.afateresapamies.cat\/wordpress\/wp-content\/uploads\/2025\/04\/Menu-Abril-1024x755.jpg 1024w, http:\/\/www.afateresapamies.cat\/wordpress\/wp-content\/uploads\/2025\/04\/Menu-Abril-300x221.jpg 300w, http:\/\/www.afateresapamies.cat\/wordpress\/wp-content\/uploads\/2025\/04\/Menu-Abril-768x567.jpg 768w, http:\/\/www.afateresapamies.cat\/wordpress\/wp-content\/uploads\/2025\/04\/Menu-Abril-624x460.jpg 624w, http:\/\/www.afateresapamies.cat\/wordpress\/wp-content\/uploads\/2025\/04\/Menu-Abril.jpg 1037w\" sizes=\"auto, (max-width: 1024px) 100vw, 1024px\" \/><\/figure>\n\n\n\n<p><strong>MEN\u00da DE MAR\u00c7<\/strong><\/p>\n\n\n\n<figure class=\"wp-block-image size-large\"><img loading=\"lazy\" decoding=\"async\" width=\"1024\" height=\"718\" src=\"http:\/\/www.afateresapamies.cat\/wordpress\/wp-content\/uploads\/2025\/03\/Menu-Marc-1024x718.jpg\" alt=\"\" class=\"wp-image-1130\" srcset=\"http:\/\/www.afateresapamies.cat\/wordpress\/wp-content\/uploads\/2025\/03\/Menu-Marc-1024x718.jpg 1024w, http:\/\/www.afateresapamies.cat\/wordpress\/wp-content\/uploads\/2025\/03\/Menu-Marc-300x210.jpg 300w, http:\/\/www.afateresapamies.cat\/wordpress\/wp-content\/uploads\/2025\/03\/Menu-Marc-768x539.jpg 768w, http:\/\/www.afateresapamies.cat\/wordpress\/wp-content\/uploads\/2025\/03\/Menu-Marc-624x438.jpg 624w, http:\/\/www.afateresapamies.cat\/wordpress\/wp-content\/uploads\/2025\/03\/Menu-Marc.jpg 1122w\" sizes=\"auto, (max-width: 1024px) 100vw, 1024px\" \/><\/figure>\n\n\n\n<p><strong>MEN\u00da DE FEBRER<\/strong><\/p>\n\n\n\n<figure class=\"wp-block-image size-large\"><img loading=\"lazy\" decoding=\"async\" width=\"1024\" height=\"635\" src=\"http:\/\/www.afateresapamies.cat\/wordpress\/wp-content\/uploads\/2025\/01\/menu-febrer-1024x635.jpg\" alt=\"\" class=\"wp-image-1123\" srcset=\"http:\/\/www.afateresapamies.cat\/wordpress\/wp-content\/uploads\/2025\/01\/menu-febrer-1024x635.jpg 1024w, http:\/\/www.afateresapamies.cat\/wordpress\/wp-content\/uploads\/2025\/01\/menu-febrer-300x186.jpg 300w, http:\/\/www.afateresapamies.cat\/wordpress\/wp-content\/uploads\/2025\/01\/menu-febrer-768x476.jpg 768w, http:\/\/www.afateresapamies.cat\/wordpress\/wp-content\/uploads\/2025\/01\/menu-febrer-624x387.jpg 624w, http:\/\/www.afateresapamies.cat\/wordpress\/wp-content\/uploads\/2025\/01\/menu-febrer.jpg 1250w\" sizes=\"auto, (max-width: 1024px) 100vw, 1024px\" \/><\/figure>\n\n\n\n<p><strong>MEN\u00da DE GENER<\/strong><\/p>\n\n\n\n<figure class=\"wp-block-image size-large\"><img loading=\"lazy\" decoding=\"async\" width=\"1024\" height=\"762\" src=\"http:\/\/www.afateresapamies.cat\/wordpress\/wp-content\/uploads\/2025\/01\/1000049038-1024x762.jpg\" alt=\"\" class=\"wp-image-1109\" srcset=\"http:\/\/www.afateresapamies.cat\/wordpress\/wp-content\/uploads\/2025\/01\/1000049038-1024x762.jpg 1024w, http:\/\/www.afateresapamies.cat\/wordpress\/wp-content\/uploads\/2025\/01\/1000049038-300x223.jpg 300w, http:\/\/www.afateresapamies.cat\/wordpress\/wp-content\/uploads\/2025\/01\/1000049038-768x571.jpg 768w, http:\/\/www.afateresapamies.cat\/wordpress\/wp-content\/uploads\/2025\/01\/1000049038-624x464.jpg 624w, http:\/\/www.afateresapamies.cat\/wordpress\/wp-content\/uploads\/2025\/01\/1000049038.jpg 1452w\" sizes=\"auto, (max-width: 1024px) 100vw, 1024px\" \/><\/figure>\n\n\n\n<p>M<strong>EN\u00da DE DESEMBRE<\/strong><\/p>\n\n\n\n<figure class=\"wp-block-image size-large\"><img loading=\"lazy\" decoding=\"async\" width=\"1024\" height=\"725\" src=\"http:\/\/www.afateresapamies.cat\/wordpress\/wp-content\/uploads\/2024\/12\/TPAMIES-DESEMBRE-BASAL-1024x725.jpg\" alt=\"\" class=\"wp-image-1088\" srcset=\"http:\/\/www.afateresapamies.cat\/wordpress\/wp-content\/uploads\/2024\/12\/TPAMIES-DESEMBRE-BASAL-1024x725.jpg 1024w, http:\/\/www.afateresapamies.cat\/wordpress\/wp-content\/uploads\/2024\/12\/TPAMIES-DESEMBRE-BASAL-300x212.jpg 300w, http:\/\/www.afateresapamies.cat\/wordpress\/wp-content\/uploads\/2024\/12\/TPAMIES-DESEMBRE-BASAL-768x544.jpg 768w, http:\/\/www.afateresapamies.cat\/wordpress\/wp-content\/uploads\/2024\/12\/TPAMIES-DESEMBRE-BASAL-624x442.jpg 624w, http:\/\/www.afateresapamies.cat\/wordpress\/wp-content\/uploads\/2024\/12\/TPAMIES-DESEMBRE-BASAL.jpg 1117w\" sizes=\"auto, (max-width: 1024px) 100vw, 1024px\" \/><\/figure>\n\n\n\n<p><strong>MEN\u00da DE NOVEMBRE<\/strong><\/p>\n\n\n\n<figure class=\"wp-block-image size-large\"><img loading=\"lazy\" decoding=\"async\" width=\"1024\" height=\"717\" src=\"http:\/\/www.afateresapamies.cat\/wordpress\/wp-content\/uploads\/2024\/11\/image-1024x717.png\" alt=\"\" class=\"wp-image-1067\" srcset=\"http:\/\/www.afateresapamies.cat\/wordpress\/wp-content\/uploads\/2024\/11\/image-1024x717.png 1024w, http:\/\/www.afateresapamies.cat\/wordpress\/wp-content\/uploads\/2024\/11\/image-300x210.png 300w, http:\/\/www.afateresapamies.cat\/wordpress\/wp-content\/uploads\/2024\/11\/image-768x538.png 768w, http:\/\/www.afateresapamies.cat\/wordpress\/wp-content\/uploads\/2024\/11\/image-624x437.png 624w, http:\/\/www.afateresapamies.cat\/wordpress\/wp-content\/uploads\/2024\/11\/image.png 1120w\" sizes=\"auto, (max-width: 1024px) 100vw, 1024px\" \/><\/figure>\n\n\n\n<p><strong>NOU FUNCIONAMENT TIQUETS ESPOR\u00c0DICS <\/strong><\/p>\n\n\n\n<div data-wp-interactive=\"core\/file\" class=\"wp-block-file\"><object data-wp-bind--hidden=\"!state.hasPdfPreview\" hidden class=\"wp-block-file__embed\" data=\"http:\/\/www.afateresapamies.cat\/wordpress\/wp-content\/uploads\/2024\/09\/MODIFICACIA_-SISTEMA-COMPRA-TA_QUETS-ESPORA_DICS-1-1.pdf\" type=\"application\/pdf\" style=\"width:100%;height:600px\" aria-label=\"Incrustaci\u00f3 del fitxer MODIFICACIA\u0303_ SISTEMA COMPRA TA\u0303_QUETS ESPORA\u0303_DICS-1 (1).\"><\/object><a id=\"wp-block-file--media-cbed2234-f3bf-4cab-b231-857dec11e7da\" href=\"http:\/\/www.afateresapamies.cat\/wordpress\/wp-content\/uploads\/2024\/09\/MODIFICACIA_-SISTEMA-COMPRA-TA_QUETS-ESPORA_DICS-1-1.pdf\">MODIFICACIA\u0303_ SISTEMA COMPRA TA\u0303_QUETS ESPORA\u0303_DICS-1 (1)<\/a><a href=\"http:\/\/www.afateresapamies.cat\/wordpress\/wp-content\/uploads\/2024\/09\/MODIFICACIA_-SISTEMA-COMPRA-TA_QUETS-ESPORA_DICS-1-1.pdf\" class=\"wp-block-file__button wp-element-button\" download aria-describedby=\"wp-block-file--media-cbed2234-f3bf-4cab-b231-857dec11e7da\">Baixa<\/a><\/div>\n\n\n\n<p><strong>MEN\u00da DE SETEMBRE<\/strong><\/p>\n\n\n\n<figure class=\"wp-block-image size-large\"><img loading=\"lazy\" decoding=\"async\" width=\"1024\" height=\"675\" src=\"http:\/\/www.afateresapamies.cat\/wordpress\/wp-content\/uploads\/2024\/09\/menu-setembre-1024x675.jpg\" alt=\"\" class=\"wp-image-995\" srcset=\"http:\/\/www.afateresapamies.cat\/wordpress\/wp-content\/uploads\/2024\/09\/menu-setembre-1024x675.jpg 1024w, http:\/\/www.afateresapamies.cat\/wordpress\/wp-content\/uploads\/2024\/09\/menu-setembre-300x198.jpg 300w, http:\/\/www.afateresapamies.cat\/wordpress\/wp-content\/uploads\/2024\/09\/menu-setembre-768x506.jpg 768w, http:\/\/www.afateresapamies.cat\/wordpress\/wp-content\/uploads\/2024\/09\/menu-setembre-624x411.jpg 624w, http:\/\/www.afateresapamies.cat\/wordpress\/wp-content\/uploads\/2024\/09\/menu-setembre.jpg 1228w\" sizes=\"auto, (max-width: 1024px) 100vw, 1024px\" \/><\/figure>\n\n\n\n<p><\/p>\n\n\n\n<figure class=\"wp-block-image size-large is-resized\"><img loading=\"lazy\" decoding=\"async\" width=\"768\" height=\"1024\" src=\"http:\/\/www.afateresapamies.cat\/wordpress\/wp-content\/uploads\/2023\/11\/Menjador-informacions-9-nov-768x1024.jpg\" alt=\"\" class=\"wp-image-878\" style=\"width:514px;height:auto\" srcset=\"http:\/\/www.afateresapamies.cat\/wordpress\/wp-content\/uploads\/2023\/11\/Menjador-informacions-9-nov-768x1024.jpg 768w, http:\/\/www.afateresapamies.cat\/wordpress\/wp-content\/uploads\/2023\/11\/Menjador-informacions-9-nov-225x300.jpg 225w, http:\/\/www.afateresapamies.cat\/wordpress\/wp-content\/uploads\/2023\/11\/Menjador-informacions-9-nov-1152x1536.jpg 1152w, http:\/\/www.afateresapamies.cat\/wordpress\/wp-content\/uploads\/2023\/11\/Menjador-informacions-9-nov-1536x2048.jpg 1536w, http:\/\/www.afateresapamies.cat\/wordpress\/wp-content\/uploads\/2023\/11\/Menjador-informacions-9-nov-624x832.jpg 624w, http:\/\/www.afateresapamies.cat\/wordpress\/wp-content\/uploads\/2023\/11\/Menjador-informacions-9-nov-scaled.jpg 1920w\" sizes=\"auto, (max-width: 768px) 100vw, 768px\" \/><\/figure>\n\n\n\n<figure class=\"wp-block-image size-full\"><img loading=\"lazy\" decoding=\"async\" width=\"172\" height=\"102\" src=\"http:\/\/www.afateresapamies.cat\/wordpress\/wp-content\/uploads\/2023\/09\/ecomenja.jpg\" alt=\"\" class=\"wp-image-853\"\/><\/figure>\n\n\n\n<p>Us deixem l&#8217;enlla\u00e7 a la seva web: <a href=\"https:\/\/ecomenja.com\/\">https:\/\/ecomenja.com\/<\/a> <\/p>\n\n\n\n<p>I l&#8217;enlla\u00e7 als men\u00fas mensuals: <a href=\"https:\/\/ecomenja.com\/wp-content\/uploads\/2023\/09\/TeresaP_-Setembre_Basal.pdf\">https:\/\/ecomenja.com\/wp-content\/uploads\/2023\/09\/TeresaP_-Setembre_Basal.pdf<\/a><\/p>\n\n\n\n<p>A continuaci\u00f3 teniu l&#8217;autoritzaci\u00f3 per a la sortida del menjador:<\/p>\n\n\n\n<div data-wp-interactive=\"core\/file\" class=\"wp-block-file\"><object data-wp-bind--hidden=\"!state.hasPdfPreview\" hidden class=\"wp-block-file__embed\" data=\"http:\/\/www.afateresapamies.cat\/wordpress\/wp-content\/uploads\/2023\/09\/Autoritzacio-per-a-la-sortida-menjador.pdf\" type=\"application\/pdf\" style=\"width:100%;height:600px\" aria-label=\"Incrustaci\u00f3 del fitxer Autoritzaci\u00f3 per a la sortida menjador.\"><\/object><a id=\"wp-block-file--media-481df141-890c-4446-b974-0741f17e4f17\" href=\"http:\/\/www.afateresapamies.cat\/wordpress\/wp-content\/uploads\/2023\/09\/Autoritzacio-per-a-la-sortida-menjador.pdf\">Autoritzaci\u00f3 per a la sortida menjador<\/a><a href=\"http:\/\/www.afateresapamies.cat\/wordpress\/wp-content\/uploads\/2023\/09\/Autoritzacio-per-a-la-sortida-menjador.pdf\" class=\"wp-block-file__button wp-element-button\" download aria-describedby=\"wp-block-file--media-481df141-890c-4446-b974-0741f17e4f17\">Baixa<\/a><\/div>\n\n\n\n<p><\/p>\n","protected":false},"excerpt":{"rendered":"<p>MEN\u00da OCTUBRE MEN\u00da SETEMBRE NORMATIVA CURS 25-26 MEN\u00da DE JUNY Aprofitem per recordar-vos que el darrer dia de servei de menjador \u00e9s el dijous 12 de juny. Ecomenja us desitja un molt bon estiu! MEN\u00da DE MAIG MEN\u00da D&#8217;ABRIL MEN\u00da DE MAR\u00c7 MEN\u00da DE FEBRER MEN\u00da DE GENER MEN\u00da DE DESEMBRE MEN\u00da DE NOVEMBRE NOU [&hellip;]<\/p>\n","protected":false},"author":4,"featured_media":0,"parent":10,"menu_order":0,"comment_status":"closed","ping_status":"closed","template":"","meta":{"footnotes":""},"class_list":["post-814","page","type-page","status-publish","hentry"],"_links":{"self":[{"href":"http:\/\/www.afateresapamies.cat\/wordpress\/wp-json\/wp\/v2\/pages\/814","targetHints":{"allow":["GET"]}}],"collection":[{"href":"http:\/\/www.afateresapamies.cat\/wordpress\/wp-json\/wp\/v2\/pages"}],"about":[{"href":"http:\/\/www.afateresapamies.cat\/wordpress\/wp-json\/wp\/v2\/types\/page"}],"author":[{"embeddable":true,"href":"http:\/\/www.afateresapamies.cat\/wordpress\/wp-json\/wp\/v2\/users\/4"}],"replies":[{"embeddable":true,"href":"http:\/\/www.afateresapamies.cat\/wordpress\/wp-json\/wp\/v2\/comments?post=814"}],"version-history":[{"count":17,"href":"http:\/\/www.afateresapamies.cat\/wordpress\/wp-json\/wp\/v2\/pages\/814\/revisions"}],"predecessor-version":[{"id":1241,"href":"http:\/\/www.afateresapamies.cat\/wordpress\/wp-json\/wp\/v2\/pages\/814\/revisions\/1241"}],"up":[{"embeddable":true,"href":"http:\/\/www.afateresapamies.cat\/wordpress\/wp-json\/wp\/v2\/pages\/10"}],"wp:attachment":[{"href":"http:\/\/www.afateresapamies.cat\/wordpress\/wp-json\/wp\/v2\/media?parent=814"}],"curies":[{"name":"wp","href":"https:\/\/api.w.org\/{rel}","templated":true}]}}