{"id":460,"date":"2020-06-10T23:32:10","date_gmt":"2020-06-10T21:32:10","guid":{"rendered":"http:\/\/www.afateresapamies.cat\/wordpress\/?page_id=460"},"modified":"2025-09-10T19:17:52","modified_gmt":"2025-09-10T17:17:52","slug":"taquilles","status":"publish","type":"page","link":"http:\/\/www.afateresapamies.cat\/wordpress\/activitats-extraescolars\/taquilles\/","title":{"rendered":"ARMARIETS\/GUIXETES"},"content":{"rendered":"\n<figure class=\"wp-block-image size-large is-resized\"><img loading=\"lazy\" decoding=\"async\" width=\"819\" height=\"1024\" src=\"http:\/\/www.afateresapamies.cat\/wordpress\/wp-content\/uploads\/2025\/09\/Ja-tens-la-teva-guixeta-Post-de-Instagram-45-1-819x1024.jpg\" alt=\"\" class=\"wp-image-1206\" style=\"width:489px;height:auto\" srcset=\"http:\/\/www.afateresapamies.cat\/wordpress\/wp-content\/uploads\/2025\/09\/Ja-tens-la-teva-guixeta-Post-de-Instagram-45-1-819x1024.jpg 819w, http:\/\/www.afateresapamies.cat\/wordpress\/wp-content\/uploads\/2025\/09\/Ja-tens-la-teva-guixeta-Post-de-Instagram-45-1-240x300.jpg 240w, http:\/\/www.afateresapamies.cat\/wordpress\/wp-content\/uploads\/2025\/09\/Ja-tens-la-teva-guixeta-Post-de-Instagram-45-1-768x960.jpg 768w, http:\/\/www.afateresapamies.cat\/wordpress\/wp-content\/uploads\/2025\/09\/Ja-tens-la-teva-guixeta-Post-de-Instagram-45-1-624x780.jpg 624w, http:\/\/www.afateresapamies.cat\/wordpress\/wp-content\/uploads\/2025\/09\/Ja-tens-la-teva-guixeta-Post-de-Instagram-45-1.jpg 1080w\" sizes=\"auto, (max-width: 819px) 100vw, 819px\" \/><\/figure>\n\n\n\n<p class=\"has-text-align-left\"><br>Des fa uns cursos, l&#8217;AFA posa a disposici\u00f3 de l&#8217;alumnat l&#8217;\u00fas d&#8217;armariets (guixetes).<\/p>\n\n\n\n<p class=\"has-text-align-left\">Enguany, aquest servei ser\u00e0 gratu\u00eft i el gestionar\u00e0 l&#8217;Institut. Des de les tutories ja s&#8217;informar\u00e0 l&#8217;alumnat de com es dur\u00e0 a terme el lliurament de l&#8217;armariet i la gesti\u00f3 de la clau\/pany.<\/p>\n\n\n\n<p><\/p>\n\n\n\n<p><\/p>\n","protected":false},"excerpt":{"rendered":"<p>Des fa uns cursos, l&#8217;AFA posa a disposici\u00f3 de l&#8217;alumnat l&#8217;\u00fas d&#8217;armariets (guixetes). Enguany, aquest servei ser\u00e0 gratu\u00eft i el gestionar\u00e0 l&#8217;Institut. Des de les tutories ja s&#8217;informar\u00e0 l&#8217;alumnat de com es dur\u00e0 a terme el lliurament de l&#8217;armariet i la gesti\u00f3 de la clau\/pany.<\/p>\n","protected":false},"author":1,"featured_media":0,"parent":10,"menu_order":6,"comment_status":"closed","ping_status":"closed","template":"","meta":{"footnotes":""},"class_list":["post-460","page","type-page","status-publish","hentry"],"_links":{"self":[{"href":"http:\/\/www.afateresapamies.cat\/wordpress\/wp-json\/wp\/v2\/pages\/460","targetHints":{"allow":["GET"]}}],"collection":[{"href":"http:\/\/www.afateresapamies.cat\/wordpress\/wp-json\/wp\/v2\/pages"}],"about":[{"href":"http:\/\/www.afateresapamies.cat\/wordpress\/wp-json\/wp\/v2\/types\/page"}],"author":[{"embeddable":true,"href":"http:\/\/www.afateresapamies.cat\/wordpress\/wp-json\/wp\/v2\/users\/1"}],"replies":[{"embeddable":true,"href":"http:\/\/www.afateresapamies.cat\/wordpress\/wp-json\/wp\/v2\/comments?post=460"}],"version-history":[{"count":10,"href":"http:\/\/www.afateresapamies.cat\/wordpress\/wp-json\/wp\/v2\/pages\/460\/revisions"}],"predecessor-version":[{"id":1207,"href":"http:\/\/www.afateresapamies.cat\/wordpress\/wp-json\/wp\/v2\/pages\/460\/revisions\/1207"}],"up":[{"embeddable":true,"href":"http:\/\/www.afateresapamies.cat\/wordpress\/wp-json\/wp\/v2\/pages\/10"}],"wp:attachment":[{"href":"http:\/\/www.afateresapamies.cat\/wordpress\/wp-json\/wp\/v2\/media?parent=460"}],"curies":[{"name":"wp","href":"https:\/\/api.w.org\/{rel}","templated":true}]}}